{"id":3,"date":"2024-02-29T12:07:33","date_gmt":"2024-02-29T12:07:33","guid":{"rendered":"https:\/\/taxilinkoping.com\/?page_id=3"},"modified":"2025-02-10T21:38:09","modified_gmt":"2025-02-10T20:38:09","slug":"privacy-policy","status":"publish","type":"page","link":"https:\/\/taxilinkoping.com\/sv\/privacy-policy\/","title":{"rendered":"Sekretesspolicy"},"content":{"rendered":"\t\t<div data-elementor-type=\"wp-page\" data-elementor-id=\"3\" class=\"elementor elementor-3\">\n\t\t\t\t<div class=\"elementor-element elementor-element-12b4359c e-flex e-con-boxed e-con e-parent\" data-id=\"12b4359c\" data-element_type=\"container\" data-e-type=\"container\">\n\t\t\t\t\t<div class=\"e-con-inner\">\n\t\t\t\t<div class=\"elementor-element elementor-element-727b8862 elementor-widget elementor-widget-text-editor\" data-id=\"727b8862\" data-element_type=\"widget\" data-e-type=\"widget\" data-widget_type=\"text-editor.default\">\n\t\t\t\t<div class=\"elementor-widget-container\">\n\t\t\t\t\t\t\t\t\t<p>This Privacy Policy describes how Taxi Link\u00f6ping ( \u201cwe,\u201d \u201cus,\u201d or \u201cour\u201d) collects, uses, maintains, and discloses information collected from users (\u201cyou\u201d or \u201cusers\u201d) of the Our mobile application and website (collectively, the \u201cService\u201d).<\/p>\n<h3 class=\"wp-block-heading\">Information Collection and Use<\/h3>\n<p>We may collect personal identification information from users in various ways, including when users visit our app or site, register on the Service, place an order, respond to a survey, fill out a form, or interact with other activities, services, features, or resources we make available.<\/p>\n<h3 class=\"wp-block-heading\">Types of Information Collected<\/h3>\n<p><strong>Personal Data<\/strong><\/p>\n<p>We may collect personal information from users, such as names, email addresses, phone numbers, and other details necessary for providing our services. Users may visit our Service anonymously, and we only collect personal information from users who voluntarily provide it. Users can always refuse to supply personal information, except that it may prevent them from engaging in certain Service-related activities.<\/p>\n<p><strong>Usage Information<\/strong><\/p>\n<p>We may collect non-personal identification information about users whenever they interact with our Service. This may include the browser name, type of device, operating system, internet service provider, and other similar information.<\/p>\n<h3 class=\"wp-block-heading\">How We Use Collected Information<\/h3>\n<p>We may use the information we collect for various purposes, including:<\/p>\n<ul class=\"wp-block-list\">\n<li>To personalize user experience: We may use information to understand how users as a group use the services and resources provided on our Service.<\/li>\n<li>To improve our Service: We continually strive to improve our offerings based on the information and feedback we receive from users.<\/li>\n<li>To process transactions: We may use the information users provide when placing an order only to provide service to that order.<\/li>\n<\/ul>\n<h3 class=\"wp-block-heading\">Data Protection<\/h3>\n<p>We adopt appropriate data collection, storage, and processing practices and security measures to protect against unauthorized access, alteration, disclosure, or destruction of personal information and data stored on our Service.<\/p>\n<h3 class=\"wp-block-heading\">Sharing Personal Information<\/h3>\n<p>We do not sell, trade, or rent users\u2019 personal identification information to others. We may share generic aggregated demographic information not linked to any personal identification information regarding visitors and users with our business partners, trusted affiliates, and advertisers for the purposes outlined above.<\/p>\n<h3 class=\"wp-block-heading\">Changes to This Privacy Policy<\/h3>\n<p>We have the discretion to update this privacy policy at any time. When we do, we will revise the updated date at the bottom of this page. We encourage users to frequently check this page for any changes to stay informed about how we are helping to protect the personal information we collect.<\/p>\n<h3 class=\"wp-block-heading\">Your Acceptance of These Terms<\/h3>\n<p>By using this Service, you signify your acceptance of this policy. If you do not agree to this policy, please do not use our Service. Your continued use of the Service following the posting of changes to this policy will be deemed your acceptance of those changes.<\/p>\n<h3 class=\"wp-block-heading\">Contacting Us<\/h3>\n<p>If you have any questions about this Privacy Policy, the practices of this Service, or your dealings with this Service, please contact us at info@taxilinkoping.com<\/p>\n<p><em>This document was last updated on [2025-02-07]<\/em><\/p>\n<p><!-- \/wp:paragraph --><\/p>\t\t\t\t\t\t\t\t<\/div>\n\t\t\t\t<\/div>\n\t\t\t\t\t<\/div>\n\t\t\t\t<\/div>\n\t\t\t\t<\/div>\n\t\t","protected":false},"excerpt":{"rendered":"<p>This Privacy Policy describes how Taxi Link\u00f6ping ( \u201cwe,\u201d \u201cus,\u201d or \u201cour\u201d) collects, uses, maintains, and discloses information collected from users (\u201cyou\u201d or \u201cusers\u201d) of the Our mobile application and website (collectively, the \u201cService\u201d). Information Collection and Use We may collect personal identification information from users in various ways, including when users visit our app [&hellip;]<\/p>\n","protected":false},"author":1,"featured_media":0,"parent":0,"menu_order":0,"comment_status":"closed","ping_status":"open","template":"","meta":{"site-sidebar-layout":"default","site-content-layout":"","ast-site-content-layout":"default","site-content-style":"default","site-sidebar-style":"default","ast-global-header-display":"","ast-banner-title-visibility":"","ast-main-header-display":"","ast-hfb-above-header-display":"","ast-hfb-below-header-display":"","ast-hfb-mobile-header-display":"","site-post-title":"","ast-breadcrumbs-content":"","ast-featured-img":"","footer-sml-layout":"","ast-disable-related-posts":"","theme-transparent-header-meta":"","adv-header-id-meta":"","stick-header-meta":"","header-above-stick-meta":"","header-main-stick-meta":"","header-below-stick-meta":"","astra-migrate-meta-layouts":"default","ast-page-background-enabled":"default","ast-page-background-meta":{"desktop":{"background-color":"","background-image":"","background-repeat":"repeat","background-position":"center center","background-size":"auto","background-attachment":"scroll","background-type":"","background-media":"","overlay-type":"","overlay-color":"","overlay-opacity":"","overlay-gradient":""},"tablet":{"background-color":"","background-image":"","background-repeat":"repeat","background-position":"center center","background-size":"auto","background-attachment":"scroll","background-type":"","background-media":"","overlay-type":"","overlay-color":"","overlay-opacity":"","overlay-gradient":""},"mobile":{"background-color":"","background-image":"","background-repeat":"repeat","background-position":"center center","background-size":"auto","background-attachment":"scroll","background-type":"","background-media":"","overlay-type":"","overlay-color":"","overlay-opacity":"","overlay-gradient":""}},"ast-content-background-meta":{"desktop":{"background-color":"var(--ast-global-color-5)","background-image":"","background-repeat":"repeat","background-position":"center center","background-size":"auto","background-attachment":"scroll","background-type":"","background-media":"","overlay-type":"","overlay-color":"","overlay-opacity":"","overlay-gradient":""},"tablet":{"background-color":"var(--ast-global-color-5)","background-image":"","background-repeat":"repeat","background-position":"center center","background-size":"auto","background-attachment":"scroll","background-type":"","background-media":"","overlay-type":"","overlay-color":"","overlay-opacity":"","overlay-gradient":""},"mobile":{"background-color":"var(--ast-global-color-5)","background-image":"","background-repeat":"repeat","background-position":"center center","background-size":"auto","background-attachment":"scroll","background-type":"","background-media":"","overlay-type":"","overlay-color":"","overlay-opacity":"","overlay-gradient":""}},"footnotes":""},"class_list":["post-3","page","type-page","status-publish","hentry"],"yoast_head":"<!-- This site is optimized with the Yoast SEO plugin v27.4 - https:\/\/yoast.com\/product\/yoast-seo-wordpress\/ -->\n<title>Privacy Policy - TAXI LINK\u00d6PING<\/title>\n<meta name=\"robots\" content=\"index, follow, max-snippet:-1, max-image-preview:large, max-video-preview:-1\" \/>\n<link rel=\"canonical\" href=\"https:\/\/taxilinkoping.com\/sv\/privacy-policy\/\" \/>\n<meta property=\"og:locale\" content=\"sv_SE\" \/>\n<meta property=\"og:type\" content=\"article\" \/>\n<meta property=\"og:title\" content=\"Privacy Policy - TAXI LINK\u00d6PING\" \/>\n<meta property=\"og:description\" content=\"This Privacy Policy describes how Taxi Link\u00f6ping ( \u201cwe,\u201d \u201cus,\u201d or \u201cour\u201d) collects, uses, maintains, and discloses information collected from users (\u201cyou\u201d or \u201cusers\u201d) of the Our mobile application and website (collectively, the \u201cService\u201d). Information Collection and Use We may collect personal identification information from users in various ways, including when users visit our app [&hellip;]\" \/>\n<meta property=\"og:url\" content=\"https:\/\/taxilinkoping.com\/sv\/privacy-policy\/\" \/>\n<meta property=\"og:site_name\" content=\"TAXI LINK\u00d6PING\" \/>\n<meta property=\"article:modified_time\" content=\"2025-02-10T20:38:09+00:00\" \/>\n<meta name=\"twitter:card\" content=\"summary_large_image\" \/>\n<meta name=\"twitter:label1\" content=\"Ber\u00e4knad l\u00e4stid\" \/>\n\t<meta name=\"twitter:data1\" content=\"2 minuter\" \/>\n<script type=\"application\/ld+json\" class=\"yoast-schema-graph\">{\"@context\":\"https:\\\/\\\/schema.org\",\"@graph\":[{\"@type\":\"WebPage\",\"@id\":\"https:\\\/\\\/taxilinkoping.com\\\/privacy-policy\\\/\",\"url\":\"https:\\\/\\\/taxilinkoping.com\\\/privacy-policy\\\/\",\"name\":\"Privacy Policy - TAXI LINK\u00d6PING\",\"isPartOf\":{\"@id\":\"https:\\\/\\\/taxilinkoping.com\\\/#website\"},\"datePublished\":\"2024-02-29T12:07:33+00:00\",\"dateModified\":\"2025-02-10T20:38:09+00:00\",\"breadcrumb\":{\"@id\":\"https:\\\/\\\/taxilinkoping.com\\\/privacy-policy\\\/#breadcrumb\"},\"inLanguage\":\"sv-SE\",\"potentialAction\":[{\"@type\":\"ReadAction\",\"target\":[\"https:\\\/\\\/taxilinkoping.com\\\/privacy-policy\\\/\"]}]},{\"@type\":\"BreadcrumbList\",\"@id\":\"https:\\\/\\\/taxilinkoping.com\\\/privacy-policy\\\/#breadcrumb\",\"itemListElement\":[{\"@type\":\"ListItem\",\"position\":1,\"name\":\"Home\",\"item\":\"https:\\\/\\\/taxilinkoping.com\\\/\"},{\"@type\":\"ListItem\",\"position\":2,\"name\":\"Privacy Policy\"}]},{\"@type\":\"WebSite\",\"@id\":\"https:\\\/\\\/taxilinkoping.com\\\/#website\",\"url\":\"https:\\\/\\\/taxilinkoping.com\\\/\",\"name\":\"TAXI LINK\u00d6PING\",\"description\":\"Boka taxi i och runt Link\u00f6ping\",\"publisher\":{\"@id\":\"https:\\\/\\\/taxilinkoping.com\\\/#organization\"},\"potentialAction\":[{\"@type\":\"SearchAction\",\"target\":{\"@type\":\"EntryPoint\",\"urlTemplate\":\"https:\\\/\\\/taxilinkoping.com\\\/?s={search_term_string}\"},\"query-input\":{\"@type\":\"PropertyValueSpecification\",\"valueRequired\":true,\"valueName\":\"search_term_string\"}}],\"inLanguage\":\"sv-SE\"},{\"@type\":\"Organization\",\"@id\":\"https:\\\/\\\/taxilinkoping.com\\\/#organization\",\"name\":\"TAXI LINK\u00d6PING\",\"url\":\"https:\\\/\\\/taxilinkoping.com\\\/\",\"logo\":{\"@type\":\"ImageObject\",\"inLanguage\":\"sv-SE\",\"@id\":\"https:\\\/\\\/taxilinkoping.com\\\/#\\\/schema\\\/logo\\\/image\\\/\",\"url\":\"https:\\\/\\\/taxilinkoping.com\\\/wp-content\\\/uploads\\\/2024\\\/12\\\/cropped-black.png\",\"contentUrl\":\"https:\\\/\\\/taxilinkoping.com\\\/wp-content\\\/uploads\\\/2024\\\/12\\\/cropped-black.png\",\"width\":836,\"height\":552,\"caption\":\"TAXI LINK\u00d6PING\"},\"image\":{\"@id\":\"https:\\\/\\\/taxilinkoping.com\\\/#\\\/schema\\\/logo\\\/image\\\/\"}}]}<\/script>\n<!-- \/ Yoast SEO plugin. -->","yoast_head_json":{"title":"Privacy Policy - TAXI LINK\u00d6PING","robots":{"index":"index","follow":"follow","max-snippet":"max-snippet:-1","max-image-preview":"max-image-preview:large","max-video-preview":"max-video-preview:-1"},"canonical":"https:\/\/taxilinkoping.com\/sv\/privacy-policy\/","og_locale":"sv_SE","og_type":"article","og_title":"Privacy Policy - TAXI LINK\u00d6PING","og_description":"This Privacy Policy describes how Taxi Link\u00f6ping ( \u201cwe,\u201d \u201cus,\u201d or \u201cour\u201d) collects, uses, maintains, and discloses information collected from users (\u201cyou\u201d or \u201cusers\u201d) of the Our mobile application and website (collectively, the \u201cService\u201d). Information Collection and Use We may collect personal identification information from users in various ways, including when users visit our app [&hellip;]","og_url":"https:\/\/taxilinkoping.com\/sv\/privacy-policy\/","og_site_name":"TAXI LINK\u00d6PING","article_modified_time":"2025-02-10T20:38:09+00:00","twitter_card":"summary_large_image","twitter_misc":{"Ber\u00e4knad l\u00e4stid":"2 minuter"},"schema":{"@context":"https:\/\/schema.org","@graph":[{"@type":"WebPage","@id":"https:\/\/taxilinkoping.com\/privacy-policy\/","url":"https:\/\/taxilinkoping.com\/privacy-policy\/","name":"Privacy Policy - TAXI LINK\u00d6PING","isPartOf":{"@id":"https:\/\/taxilinkoping.com\/#website"},"datePublished":"2024-02-29T12:07:33+00:00","dateModified":"2025-02-10T20:38:09+00:00","breadcrumb":{"@id":"https:\/\/taxilinkoping.com\/privacy-policy\/#breadcrumb"},"inLanguage":"sv-SE","potentialAction":[{"@type":"ReadAction","target":["https:\/\/taxilinkoping.com\/privacy-policy\/"]}]},{"@type":"BreadcrumbList","@id":"https:\/\/taxilinkoping.com\/privacy-policy\/#breadcrumb","itemListElement":[{"@type":"ListItem","position":1,"name":"Home","item":"https:\/\/taxilinkoping.com\/"},{"@type":"ListItem","position":2,"name":"Privacy Policy"}]},{"@type":"WebSite","@id":"https:\/\/taxilinkoping.com\/#website","url":"https:\/\/taxilinkoping.com\/","name":"TAXI LINK\u00d6PING","description":"Boka taxi i och runt Link\u00f6ping","publisher":{"@id":"https:\/\/taxilinkoping.com\/#organization"},"potentialAction":[{"@type":"SearchAction","target":{"@type":"EntryPoint","urlTemplate":"https:\/\/taxilinkoping.com\/?s={search_term_string}"},"query-input":{"@type":"PropertyValueSpecification","valueRequired":true,"valueName":"search_term_string"}}],"inLanguage":"sv-SE"},{"@type":"Organization","@id":"https:\/\/taxilinkoping.com\/#organization","name":"TAXI LINK\u00d6PING","url":"https:\/\/taxilinkoping.com\/","logo":{"@type":"ImageObject","inLanguage":"sv-SE","@id":"https:\/\/taxilinkoping.com\/#\/schema\/logo\/image\/","url":"https:\/\/taxilinkoping.com\/wp-content\/uploads\/2024\/12\/cropped-black.png","contentUrl":"https:\/\/taxilinkoping.com\/wp-content\/uploads\/2024\/12\/cropped-black.png","width":836,"height":552,"caption":"TAXI LINK\u00d6PING"},"image":{"@id":"https:\/\/taxilinkoping.com\/#\/schema\/logo\/image\/"}}]}},"_links":{"self":[{"href":"https:\/\/taxilinkoping.com\/sv\/wp-json\/wp\/v2\/pages\/3","targetHints":{"allow":["GET"]}}],"collection":[{"href":"https:\/\/taxilinkoping.com\/sv\/wp-json\/wp\/v2\/pages"}],"about":[{"href":"https:\/\/taxilinkoping.com\/sv\/wp-json\/wp\/v2\/types\/page"}],"author":[{"embeddable":true,"href":"https:\/\/taxilinkoping.com\/sv\/wp-json\/wp\/v2\/users\/1"}],"replies":[{"embeddable":true,"href":"https:\/\/taxilinkoping.com\/sv\/wp-json\/wp\/v2\/comments?post=3"}],"version-history":[{"count":9,"href":"https:\/\/taxilinkoping.com\/sv\/wp-json\/wp\/v2\/pages\/3\/revisions"}],"predecessor-version":[{"id":2133,"href":"https:\/\/taxilinkoping.com\/sv\/wp-json\/wp\/v2\/pages\/3\/revisions\/2133"}],"wp:attachment":[{"href":"https:\/\/taxilinkoping.com\/sv\/wp-json\/wp\/v2\/media?parent=3"}],"curies":[{"name":"wp","href":"https:\/\/api.w.org\/{rel}","templated":true}]}}